{"id":21015,"date":"2019-02-10T17:21:27","date_gmt":"2019-02-10T16:21:27","guid":{"rendered":"https:\/\/www.nougat-lalinoise.com\/product\/nougat-barre-3-parfums-fraise-vanille-pistache\/"},"modified":"2020-10-05T09:11:40","modified_gmt":"2020-10-05T07:11:40","slug":"3-colors-nougat-bar-almonds","status":"publish","type":"product","link":"https:\/\/www.nougat-lalinoise.com\/en\/product\/3-colors-nougat-bar-almonds\/","title":{"rendered":"3 colors bars with almonds: vanilla, pistachios and strawberry flavored (100g)"},"content":{"rendered":"<ul>\n<li>Minimum order 15\u20ac<\/li>\n<li>From 50\u20ac of purchase the shipping costs are offered to you in metropolitan France<\/li>\n<li>Shipping costs from 6\u20ac for metropolitan France and 15\u20ac for other countries<\/li>\n<\/ul>\n","protected":false},"excerpt":{"rendered":"<p><strong>Ingredients:<\/strong><\/p>\n<p>Sugar, glucose syrup, 22% almonds, lactose, egg white, unleavened bread (potato starch, water, vegetable oil), ethylvanillin \/ strawberry \/ pistachio flavor, color E120, E102, E131.<\/p>\n<p><strong>Allergens:<\/strong><\/p>\n<p>Almonds, lactose, egg white.<\/p>\n<p><strong>Nutritional information per 100g:<\/strong><\/p>\n<p>Energy 1827 kj &#8211; 433 kcal<br \/>\nFat 12,78g of which saturates 1,2g<br \/>\nCarbohydrate 74,9g of which sugars 48,1g<br \/>\nProtein 4,75g<br \/>\nSalt 0,03g<\/p>\n<p><strong>Weight: 100g<\/strong><\/p>\n<p><strong>Storing:<\/strong><\/p>\n<p>Store in a cool dry place, at a temperature between 18 \u00b0C to 20 \u00b0C.<\/p>\n","protected":false},"featured_media":21016,"template":"","meta":[],"product_brand":[],"product_cat":[140,129],"product_tag":[],"class_list":{"0":"post-21015","1":"product","2":"type-product","3":"status-publish","4":"has-post-thumbnail","6":"product_cat-boutique-en-2","7":"product_cat-nougat-barre-en","9":"first","10":"instock","11":"taxable","12":"shipping-taxable","13":"purchasable","14":"product-type-simple"},"yoast_head":"<!-- This site is optimized with the Yoast SEO plugin v27.0 - https:\/\/yoast.com\/product\/yoast-seo-wordpress\/ -->\n<title>Nougat barre - 3 couleurs fraise, vanille, pistache (100g)<\/title>\n<meta name=\"description\" content=\"Nougat barre, 3 couleurs, fraise, vanille, pistache (100g) fabriqu\u00e9 par Nougat la Linoise. Fabricant de nougat blanc, nougatine, nougat ar\u00f4matis\u00e9;\" \/>\n<meta name=\"robots\" content=\"index, follow, max-snippet:-1, max-image-preview:large, max-video-preview:-1\" \/>\n<link rel=\"canonical\" href=\"https:\/\/www.nougat-lalinoise.com\/en\/product\/3-colors-nougat-bar-almonds\/\" \/>\n<meta property=\"og:locale\" content=\"en_US\" \/>\n<meta property=\"og:type\" content=\"article\" \/>\n<meta property=\"og:title\" content=\"Nougat barre - 3 couleurs fraise, vanille, pistache (100g)\" \/>\n<meta property=\"og:description\" content=\"Nougat barre, 3 couleurs, fraise, vanille, pistache (100g) fabriqu\u00e9 par Nougat la Linoise. Fabricant de nougat blanc, nougatine, nougat ar\u00f4matis\u00e9;\" \/>\n<meta property=\"og:url\" content=\"https:\/\/www.nougat-lalinoise.com\/en\/product\/3-colors-nougat-bar-almonds\/\" \/>\n<meta property=\"og:site_name\" content=\"Nougat La Linoise\" \/>\n<meta property=\"article:publisher\" content=\"https:\/\/www.facebook.com\/nougatlalinoise\/\" \/>\n<meta property=\"article:modified_time\" content=\"2020-10-05T07:11:40+00:00\" \/>\n<meta property=\"og:image\" content=\"https:\/\/www.nougat-lalinoise.com\/wp-content\/uploads\/2018\/12\/nougat-barre-3-parfums-lalinoise-517.jpg\" \/>\n\t<meta property=\"og:image:width\" content=\"600\" \/>\n\t<meta property=\"og:image:height\" content=\"900\" \/>\n\t<meta property=\"og:image:type\" content=\"image\/jpeg\" \/>\n<meta name=\"twitter:card\" content=\"summary_large_image\" \/>\n<script type=\"application\/ld+json\" class=\"yoast-schema-graph\">{\"@context\":\"https:\/\/schema.org\",\"@graph\":[{\"@type\":\"WebPage\",\"@id\":\"https:\/\/www.nougat-lalinoise.com\/en\/product\/3-colors-nougat-bar-almonds\/\",\"url\":\"https:\/\/www.nougat-lalinoise.com\/en\/product\/3-colors-nougat-bar-almonds\/\",\"name\":\"Nougat barre - 3 couleurs fraise, vanille, pistache (100g)\",\"isPartOf\":{\"@id\":\"https:\/\/www.nougat-lalinoise.com\/#website\"},\"primaryImageOfPage\":{\"@id\":\"https:\/\/www.nougat-lalinoise.com\/en\/product\/3-colors-nougat-bar-almonds\/#primaryimage\"},\"image\":{\"@id\":\"https:\/\/www.nougat-lalinoise.com\/en\/product\/3-colors-nougat-bar-almonds\/#primaryimage\"},\"thumbnailUrl\":\"https:\/\/www.nougat-lalinoise.com\/wp-content\/uploads\/2018\/12\/nougat-barre-3-parfums-lalinoise-517.jpg\",\"datePublished\":\"2019-02-10T16:21:27+00:00\",\"dateModified\":\"2020-10-05T07:11:40+00:00\",\"description\":\"Nougat barre, 3 couleurs, fraise, vanille, pistache (100g) fabriqu\u00e9 par Nougat la Linoise. Fabricant de nougat blanc, nougatine, nougat ar\u00f4matis\u00e9;\",\"breadcrumb\":{\"@id\":\"https:\/\/www.nougat-lalinoise.com\/en\/product\/3-colors-nougat-bar-almonds\/#breadcrumb\"},\"inLanguage\":\"en-US\",\"potentialAction\":[{\"@type\":\"ReadAction\",\"target\":[\"https:\/\/www.nougat-lalinoise.com\/en\/product\/3-colors-nougat-bar-almonds\/\"]}]},{\"@type\":\"ImageObject\",\"inLanguage\":\"en-US\",\"@id\":\"https:\/\/www.nougat-lalinoise.com\/en\/product\/3-colors-nougat-bar-almonds\/#primaryimage\",\"url\":\"https:\/\/www.nougat-lalinoise.com\/wp-content\/uploads\/2018\/12\/nougat-barre-3-parfums-lalinoise-517.jpg\",\"contentUrl\":\"https:\/\/www.nougat-lalinoise.com\/wp-content\/uploads\/2018\/12\/nougat-barre-3-parfums-lalinoise-517.jpg\",\"width\":600,\"height\":900,\"caption\":\"barre nougat 3 parfums\"},{\"@type\":\"BreadcrumbList\",\"@id\":\"https:\/\/www.nougat-lalinoise.com\/en\/product\/3-colors-nougat-bar-almonds\/#breadcrumb\",\"itemListElement\":[{\"@type\":\"ListItem\",\"position\":1,\"name\":\"Home\",\"item\":\"https:\/\/www.nougat-lalinoise.com\/en\/\"},{\"@type\":\"ListItem\",\"position\":2,\"name\":\"Products\",\"item\":\"https:\/\/www.nougat-lalinoise.com\/en\/shop\/\"},{\"@type\":\"ListItem\",\"position\":3,\"name\":\"3 colors bars with almonds: vanilla, pistachios and strawberry flavored (100g)\"}]},{\"@type\":\"WebSite\",\"@id\":\"https:\/\/www.nougat-lalinoise.com\/#website\",\"url\":\"https:\/\/www.nougat-lalinoise.com\/\",\"name\":\"Nougat La Linoise\",\"description\":\"Fabricant de nougat\",\"publisher\":{\"@id\":\"https:\/\/www.nougat-lalinoise.com\/#organization\"},\"potentialAction\":[{\"@type\":\"SearchAction\",\"target\":{\"@type\":\"EntryPoint\",\"urlTemplate\":\"https:\/\/www.nougat-lalinoise.com\/?s={search_term_string}\"},\"query-input\":{\"@type\":\"PropertyValueSpecification\",\"valueRequired\":true,\"valueName\":\"search_term_string\"}}],\"inLanguage\":\"en-US\"},{\"@type\":\"Organization\",\"@id\":\"https:\/\/www.nougat-lalinoise.com\/#organization\",\"name\":\"NOUGAT LA LINOISE\",\"url\":\"https:\/\/www.nougat-lalinoise.com\/\",\"logo\":{\"@type\":\"ImageObject\",\"inLanguage\":\"en-US\",\"@id\":\"https:\/\/www.nougat-lalinoise.com\/#\/schema\/logo\/image\/\",\"url\":\"https:\/\/www.nougat-lalinoise.com\/wp-content\/uploads\/2018\/11\/lalinoise-logo-300.png\",\"contentUrl\":\"https:\/\/www.nougat-lalinoise.com\/wp-content\/uploads\/2018\/11\/lalinoise-logo-300.png\",\"width\":300,\"height\":190,\"caption\":\"NOUGAT LA LINOISE\"},\"image\":{\"@id\":\"https:\/\/www.nougat-lalinoise.com\/#\/schema\/logo\/image\/\"},\"sameAs\":[\"https:\/\/www.facebook.com\/nougatlalinoise\/\",\"https:\/\/www.instagram.com\/nougatlalinoise\/\",\"https:\/\/www.pinterest.fr\/nougatlalinoise\/\"]}]}<\/script>\n<!-- \/ Yoast SEO plugin. -->","yoast_head_json":{"title":"Nougat barre - 3 couleurs fraise, vanille, pistache (100g)","description":"Nougat barre, 3 couleurs, fraise, vanille, pistache (100g) fabriqu\u00e9 par Nougat la Linoise. Fabricant de nougat blanc, nougatine, nougat ar\u00f4matis\u00e9;","robots":{"index":"index","follow":"follow","max-snippet":"max-snippet:-1","max-image-preview":"max-image-preview:large","max-video-preview":"max-video-preview:-1"},"canonical":"https:\/\/www.nougat-lalinoise.com\/en\/product\/3-colors-nougat-bar-almonds\/","og_locale":"en_US","og_type":"article","og_title":"Nougat barre - 3 couleurs fraise, vanille, pistache (100g)","og_description":"Nougat barre, 3 couleurs, fraise, vanille, pistache (100g) fabriqu\u00e9 par Nougat la Linoise. Fabricant de nougat blanc, nougatine, nougat ar\u00f4matis\u00e9;","og_url":"https:\/\/www.nougat-lalinoise.com\/en\/product\/3-colors-nougat-bar-almonds\/","og_site_name":"Nougat La Linoise","article_publisher":"https:\/\/www.facebook.com\/nougatlalinoise\/","article_modified_time":"2020-10-05T07:11:40+00:00","og_image":[{"width":600,"height":900,"url":"https:\/\/www.nougat-lalinoise.com\/wp-content\/uploads\/2018\/12\/nougat-barre-3-parfums-lalinoise-517.jpg","type":"image\/jpeg"}],"twitter_card":"summary_large_image","schema":{"@context":"https:\/\/schema.org","@graph":[{"@type":"WebPage","@id":"https:\/\/www.nougat-lalinoise.com\/en\/product\/3-colors-nougat-bar-almonds\/","url":"https:\/\/www.nougat-lalinoise.com\/en\/product\/3-colors-nougat-bar-almonds\/","name":"Nougat barre - 3 couleurs fraise, vanille, pistache (100g)","isPartOf":{"@id":"https:\/\/www.nougat-lalinoise.com\/#website"},"primaryImageOfPage":{"@id":"https:\/\/www.nougat-lalinoise.com\/en\/product\/3-colors-nougat-bar-almonds\/#primaryimage"},"image":{"@id":"https:\/\/www.nougat-lalinoise.com\/en\/product\/3-colors-nougat-bar-almonds\/#primaryimage"},"thumbnailUrl":"https:\/\/www.nougat-lalinoise.com\/wp-content\/uploads\/2018\/12\/nougat-barre-3-parfums-lalinoise-517.jpg","datePublished":"2019-02-10T16:21:27+00:00","dateModified":"2020-10-05T07:11:40+00:00","description":"Nougat barre, 3 couleurs, fraise, vanille, pistache (100g) fabriqu\u00e9 par Nougat la Linoise. Fabricant de nougat blanc, nougatine, nougat ar\u00f4matis\u00e9;","breadcrumb":{"@id":"https:\/\/www.nougat-lalinoise.com\/en\/product\/3-colors-nougat-bar-almonds\/#breadcrumb"},"inLanguage":"en-US","potentialAction":[{"@type":"ReadAction","target":["https:\/\/www.nougat-lalinoise.com\/en\/product\/3-colors-nougat-bar-almonds\/"]}]},{"@type":"ImageObject","inLanguage":"en-US","@id":"https:\/\/www.nougat-lalinoise.com\/en\/product\/3-colors-nougat-bar-almonds\/#primaryimage","url":"https:\/\/www.nougat-lalinoise.com\/wp-content\/uploads\/2018\/12\/nougat-barre-3-parfums-lalinoise-517.jpg","contentUrl":"https:\/\/www.nougat-lalinoise.com\/wp-content\/uploads\/2018\/12\/nougat-barre-3-parfums-lalinoise-517.jpg","width":600,"height":900,"caption":"barre nougat 3 parfums"},{"@type":"BreadcrumbList","@id":"https:\/\/www.nougat-lalinoise.com\/en\/product\/3-colors-nougat-bar-almonds\/#breadcrumb","itemListElement":[{"@type":"ListItem","position":1,"name":"Home","item":"https:\/\/www.nougat-lalinoise.com\/en\/"},{"@type":"ListItem","position":2,"name":"Products","item":"https:\/\/www.nougat-lalinoise.com\/en\/shop\/"},{"@type":"ListItem","position":3,"name":"3 colors bars with almonds: vanilla, pistachios and strawberry flavored (100g)"}]},{"@type":"WebSite","@id":"https:\/\/www.nougat-lalinoise.com\/#website","url":"https:\/\/www.nougat-lalinoise.com\/","name":"Nougat La Linoise","description":"Fabricant de nougat","publisher":{"@id":"https:\/\/www.nougat-lalinoise.com\/#organization"},"potentialAction":[{"@type":"SearchAction","target":{"@type":"EntryPoint","urlTemplate":"https:\/\/www.nougat-lalinoise.com\/?s={search_term_string}"},"query-input":{"@type":"PropertyValueSpecification","valueRequired":true,"valueName":"search_term_string"}}],"inLanguage":"en-US"},{"@type":"Organization","@id":"https:\/\/www.nougat-lalinoise.com\/#organization","name":"NOUGAT LA LINOISE","url":"https:\/\/www.nougat-lalinoise.com\/","logo":{"@type":"ImageObject","inLanguage":"en-US","@id":"https:\/\/www.nougat-lalinoise.com\/#\/schema\/logo\/image\/","url":"https:\/\/www.nougat-lalinoise.com\/wp-content\/uploads\/2018\/11\/lalinoise-logo-300.png","contentUrl":"https:\/\/www.nougat-lalinoise.com\/wp-content\/uploads\/2018\/11\/lalinoise-logo-300.png","width":300,"height":190,"caption":"NOUGAT LA LINOISE"},"image":{"@id":"https:\/\/www.nougat-lalinoise.com\/#\/schema\/logo\/image\/"},"sameAs":["https:\/\/www.facebook.com\/nougatlalinoise\/","https:\/\/www.instagram.com\/nougatlalinoise\/","https:\/\/www.pinterest.fr\/nougatlalinoise\/"]}]}},"jetpack_sharing_enabled":true,"_links":{"self":[{"href":"https:\/\/www.nougat-lalinoise.com\/en\/wp-json\/wp\/v2\/product\/21015","targetHints":{"allow":["GET"]}}],"collection":[{"href":"https:\/\/www.nougat-lalinoise.com\/en\/wp-json\/wp\/v2\/product"}],"about":[{"href":"https:\/\/www.nougat-lalinoise.com\/en\/wp-json\/wp\/v2\/types\/product"}],"wp:featuredmedia":[{"embeddable":true,"href":"https:\/\/www.nougat-lalinoise.com\/en\/wp-json\/wp\/v2\/media\/21016"}],"wp:attachment":[{"href":"https:\/\/www.nougat-lalinoise.com\/en\/wp-json\/wp\/v2\/media?parent=21015"}],"wp:term":[{"taxonomy":"product_brand","embeddable":true,"href":"https:\/\/www.nougat-lalinoise.com\/en\/wp-json\/wp\/v2\/product_brand?post=21015"},{"taxonomy":"product_cat","embeddable":true,"href":"https:\/\/www.nougat-lalinoise.com\/en\/wp-json\/wp\/v2\/product_cat?post=21015"},{"taxonomy":"product_tag","embeddable":true,"href":"https:\/\/www.nougat-lalinoise.com\/en\/wp-json\/wp\/v2\/product_tag?post=21015"}],"curies":[{"name":"wp","href":"https:\/\/api.w.org\/{rel}","templated":true}]}}