{"id":21013,"date":"2019-02-10T18:03:06","date_gmt":"2019-02-10T17:03:06","guid":{"rendered":"https:\/\/www.nougat-lalinoise.com\/product\/nougatine-sachet-nougatine-aux-amandes\/"},"modified":"2019-03-21T18:00:07","modified_gmt":"2019-03-21T17:00:07","slug":"almonds-nougatine","status":"publish","type":"product","link":"https:\/\/www.nougat-lalinoise.com\/en\/product\/almonds-nougatine\/","title":{"rendered":"Almonds nougatine (500g)"},"content":{"rendered":"<ul>\n<li>Minimum order 15\u20ac<\/li>\n<li>From 50\u20ac of purchase the shipping costs are offered to you in metropolitan France<\/li>\n<li>Shipping costs from 6\u20ac for metropolitan France and 15\u20ac for other countries<\/li>\n<\/ul>\n","protected":false},"excerpt":{"rendered":"<p><strong>Ingredients:<\/strong><\/p>\n<p>Sugar, glucose syrup, peanut 35%, unleavened bread (potato starch, water, vegetable oil).<\/p>\n<p><strong>Allergens:<\/strong><\/p>\n<p>Peanut.<\/p>\n<p><strong>Nutritional information per 100g:<\/strong><\/p>\n<p>Energy 2003 kj &#8211; 477 kcal<br \/>\nFat 19,2g of which saturates 2,2g<br \/>\nCarbohydrate 66g of which sugars 44,5g<br \/>\nProtein 4,75g<br \/>\nSalt 0,03g<\/p>\n<p><strong>Weight: 500g<\/strong><\/p>\n<p><strong>Storing:<\/strong><\/p>\n<p>Store in a cool dry place, at a temperature between 18 \u00b0C to 20 \u00b0C.<\/p>\n","protected":false},"featured_media":21014,"template":"","meta":[],"product_brand":[],"product_cat":[140,128],"product_tag":[],"class_list":{"0":"post-21013","1":"product","2":"type-product","3":"status-publish","4":"has-post-thumbnail","6":"product_cat-boutique-en-2","7":"product_cat-confiserie-en","9":"first","10":"instock","11":"taxable","12":"shipping-taxable","13":"purchasable","14":"product-type-simple"},"yoast_head":"<!-- This site is optimized with the Yoast SEO plugin v27.0 - https:\/\/yoast.com\/product\/yoast-seo-wordpress\/ -->\n<title>Nougatine aux arachides sachet (500g), produits fran\u00e7ais, Nougat La Linoise<\/title>\n<meta name=\"description\" content=\"Nougatine aux arachides sachet confiserie (amandes ou cacahu\u00e8tes 500g), fabrication sur place \u00e0 Linas, produits fran\u00e7ais, Nougat La Linoise\" \/>\n<meta name=\"robots\" content=\"index, follow, max-snippet:-1, max-image-preview:large, max-video-preview:-1\" \/>\n<link rel=\"canonical\" href=\"https:\/\/www.nougat-lalinoise.com\/en\/product\/almonds-nougatine\/\" \/>\n<meta property=\"og:locale\" content=\"en_US\" \/>\n<meta property=\"og:type\" content=\"article\" \/>\n<meta property=\"og:title\" content=\"Nougatine aux arachides sachet (500g), produits fran\u00e7ais, Nougat La Linoise\" \/>\n<meta property=\"og:description\" content=\"Nougatine aux arachides sachet confiserie (amandes ou cacahu\u00e8tes 500g), fabrication sur place \u00e0 Linas, produits fran\u00e7ais, Nougat La Linoise\" \/>\n<meta property=\"og:url\" content=\"https:\/\/www.nougat-lalinoise.com\/en\/product\/almonds-nougatine\/\" \/>\n<meta property=\"og:site_name\" content=\"Nougat La Linoise\" \/>\n<meta property=\"article:publisher\" content=\"https:\/\/www.facebook.com\/nougatlalinoise\/\" \/>\n<meta property=\"article:modified_time\" content=\"2019-03-21T17:00:07+00:00\" \/>\n<meta property=\"og:image\" content=\"https:\/\/www.nougat-lalinoise.com\/wp-content\/uploads\/2019\/02\/sachet-nougatine-LaLinoise-5448.jpg\" \/>\n\t<meta property=\"og:image:width\" content=\"600\" \/>\n\t<meta property=\"og:image:height\" content=\"900\" \/>\n\t<meta property=\"og:image:type\" content=\"image\/jpeg\" \/>\n<meta name=\"twitter:card\" content=\"summary_large_image\" \/>\n<script type=\"application\/ld+json\" class=\"yoast-schema-graph\">{\"@context\":\"https:\/\/schema.org\",\"@graph\":[{\"@type\":\"WebPage\",\"@id\":\"https:\/\/www.nougat-lalinoise.com\/en\/product\/almonds-nougatine\/\",\"url\":\"https:\/\/www.nougat-lalinoise.com\/en\/product\/almonds-nougatine\/\",\"name\":\"Nougatine aux arachides sachet (500g), produits fran\u00e7ais, Nougat La Linoise\",\"isPartOf\":{\"@id\":\"https:\/\/www.nougat-lalinoise.com\/#website\"},\"primaryImageOfPage\":{\"@id\":\"https:\/\/www.nougat-lalinoise.com\/en\/product\/almonds-nougatine\/#primaryimage\"},\"image\":{\"@id\":\"https:\/\/www.nougat-lalinoise.com\/en\/product\/almonds-nougatine\/#primaryimage\"},\"thumbnailUrl\":\"https:\/\/www.nougat-lalinoise.com\/wp-content\/uploads\/2019\/02\/sachet-nougatine-LaLinoise-5448.jpg\",\"datePublished\":\"2019-02-10T17:03:06+00:00\",\"dateModified\":\"2019-03-21T17:00:07+00:00\",\"description\":\"Nougatine aux arachides sachet confiserie (amandes ou cacahu\u00e8tes 500g), fabrication sur place \u00e0 Linas, produits fran\u00e7ais, Nougat La Linoise\",\"breadcrumb\":{\"@id\":\"https:\/\/www.nougat-lalinoise.com\/en\/product\/almonds-nougatine\/#breadcrumb\"},\"inLanguage\":\"en-US\",\"potentialAction\":[{\"@type\":\"ReadAction\",\"target\":[\"https:\/\/www.nougat-lalinoise.com\/en\/product\/almonds-nougatine\/\"]}]},{\"@type\":\"ImageObject\",\"inLanguage\":\"en-US\",\"@id\":\"https:\/\/www.nougat-lalinoise.com\/en\/product\/almonds-nougatine\/#primaryimage\",\"url\":\"https:\/\/www.nougat-lalinoise.com\/wp-content\/uploads\/2019\/02\/sachet-nougatine-LaLinoise-5448.jpg\",\"contentUrl\":\"https:\/\/www.nougat-lalinoise.com\/wp-content\/uploads\/2019\/02\/sachet-nougatine-LaLinoise-5448.jpg\",\"width\":600,\"height\":900,\"caption\":\"nougatine\"},{\"@type\":\"BreadcrumbList\",\"@id\":\"https:\/\/www.nougat-lalinoise.com\/en\/product\/almonds-nougatine\/#breadcrumb\",\"itemListElement\":[{\"@type\":\"ListItem\",\"position\":1,\"name\":\"Home\",\"item\":\"https:\/\/www.nougat-lalinoise.com\/en\/\"},{\"@type\":\"ListItem\",\"position\":2,\"name\":\"Products\",\"item\":\"https:\/\/www.nougat-lalinoise.com\/en\/shop\/\"},{\"@type\":\"ListItem\",\"position\":3,\"name\":\"Almonds nougatine (500g)\"}]},{\"@type\":\"WebSite\",\"@id\":\"https:\/\/www.nougat-lalinoise.com\/#website\",\"url\":\"https:\/\/www.nougat-lalinoise.com\/\",\"name\":\"Nougat La Linoise\",\"description\":\"Fabricant de nougat\",\"publisher\":{\"@id\":\"https:\/\/www.nougat-lalinoise.com\/#organization\"},\"potentialAction\":[{\"@type\":\"SearchAction\",\"target\":{\"@type\":\"EntryPoint\",\"urlTemplate\":\"https:\/\/www.nougat-lalinoise.com\/?s={search_term_string}\"},\"query-input\":{\"@type\":\"PropertyValueSpecification\",\"valueRequired\":true,\"valueName\":\"search_term_string\"}}],\"inLanguage\":\"en-US\"},{\"@type\":\"Organization\",\"@id\":\"https:\/\/www.nougat-lalinoise.com\/#organization\",\"name\":\"NOUGAT LA LINOISE\",\"url\":\"https:\/\/www.nougat-lalinoise.com\/\",\"logo\":{\"@type\":\"ImageObject\",\"inLanguage\":\"en-US\",\"@id\":\"https:\/\/www.nougat-lalinoise.com\/#\/schema\/logo\/image\/\",\"url\":\"https:\/\/www.nougat-lalinoise.com\/wp-content\/uploads\/2018\/11\/lalinoise-logo-300.png\",\"contentUrl\":\"https:\/\/www.nougat-lalinoise.com\/wp-content\/uploads\/2018\/11\/lalinoise-logo-300.png\",\"width\":300,\"height\":190,\"caption\":\"NOUGAT LA LINOISE\"},\"image\":{\"@id\":\"https:\/\/www.nougat-lalinoise.com\/#\/schema\/logo\/image\/\"},\"sameAs\":[\"https:\/\/www.facebook.com\/nougatlalinoise\/\",\"https:\/\/www.instagram.com\/nougatlalinoise\/\",\"https:\/\/www.pinterest.fr\/nougatlalinoise\/\"]}]}<\/script>\n<!-- \/ Yoast SEO plugin. -->","yoast_head_json":{"title":"Nougatine aux arachides sachet (500g), produits fran\u00e7ais, Nougat La Linoise","description":"Nougatine aux arachides sachet confiserie (amandes ou cacahu\u00e8tes 500g), fabrication sur place \u00e0 Linas, produits fran\u00e7ais, Nougat La Linoise","robots":{"index":"index","follow":"follow","max-snippet":"max-snippet:-1","max-image-preview":"max-image-preview:large","max-video-preview":"max-video-preview:-1"},"canonical":"https:\/\/www.nougat-lalinoise.com\/en\/product\/almonds-nougatine\/","og_locale":"en_US","og_type":"article","og_title":"Nougatine aux arachides sachet (500g), produits fran\u00e7ais, Nougat La Linoise","og_description":"Nougatine aux arachides sachet confiserie (amandes ou cacahu\u00e8tes 500g), fabrication sur place \u00e0 Linas, produits fran\u00e7ais, Nougat La Linoise","og_url":"https:\/\/www.nougat-lalinoise.com\/en\/product\/almonds-nougatine\/","og_site_name":"Nougat La Linoise","article_publisher":"https:\/\/www.facebook.com\/nougatlalinoise\/","article_modified_time":"2019-03-21T17:00:07+00:00","og_image":[{"width":600,"height":900,"url":"https:\/\/www.nougat-lalinoise.com\/wp-content\/uploads\/2019\/02\/sachet-nougatine-LaLinoise-5448.jpg","type":"image\/jpeg"}],"twitter_card":"summary_large_image","schema":{"@context":"https:\/\/schema.org","@graph":[{"@type":"WebPage","@id":"https:\/\/www.nougat-lalinoise.com\/en\/product\/almonds-nougatine\/","url":"https:\/\/www.nougat-lalinoise.com\/en\/product\/almonds-nougatine\/","name":"Nougatine aux arachides sachet (500g), produits fran\u00e7ais, Nougat La Linoise","isPartOf":{"@id":"https:\/\/www.nougat-lalinoise.com\/#website"},"primaryImageOfPage":{"@id":"https:\/\/www.nougat-lalinoise.com\/en\/product\/almonds-nougatine\/#primaryimage"},"image":{"@id":"https:\/\/www.nougat-lalinoise.com\/en\/product\/almonds-nougatine\/#primaryimage"},"thumbnailUrl":"https:\/\/www.nougat-lalinoise.com\/wp-content\/uploads\/2019\/02\/sachet-nougatine-LaLinoise-5448.jpg","datePublished":"2019-02-10T17:03:06+00:00","dateModified":"2019-03-21T17:00:07+00:00","description":"Nougatine aux arachides sachet confiserie (amandes ou cacahu\u00e8tes 500g), fabrication sur place \u00e0 Linas, produits fran\u00e7ais, Nougat La Linoise","breadcrumb":{"@id":"https:\/\/www.nougat-lalinoise.com\/en\/product\/almonds-nougatine\/#breadcrumb"},"inLanguage":"en-US","potentialAction":[{"@type":"ReadAction","target":["https:\/\/www.nougat-lalinoise.com\/en\/product\/almonds-nougatine\/"]}]},{"@type":"ImageObject","inLanguage":"en-US","@id":"https:\/\/www.nougat-lalinoise.com\/en\/product\/almonds-nougatine\/#primaryimage","url":"https:\/\/www.nougat-lalinoise.com\/wp-content\/uploads\/2019\/02\/sachet-nougatine-LaLinoise-5448.jpg","contentUrl":"https:\/\/www.nougat-lalinoise.com\/wp-content\/uploads\/2019\/02\/sachet-nougatine-LaLinoise-5448.jpg","width":600,"height":900,"caption":"nougatine"},{"@type":"BreadcrumbList","@id":"https:\/\/www.nougat-lalinoise.com\/en\/product\/almonds-nougatine\/#breadcrumb","itemListElement":[{"@type":"ListItem","position":1,"name":"Home","item":"https:\/\/www.nougat-lalinoise.com\/en\/"},{"@type":"ListItem","position":2,"name":"Products","item":"https:\/\/www.nougat-lalinoise.com\/en\/shop\/"},{"@type":"ListItem","position":3,"name":"Almonds nougatine (500g)"}]},{"@type":"WebSite","@id":"https:\/\/www.nougat-lalinoise.com\/#website","url":"https:\/\/www.nougat-lalinoise.com\/","name":"Nougat La Linoise","description":"Fabricant de nougat","publisher":{"@id":"https:\/\/www.nougat-lalinoise.com\/#organization"},"potentialAction":[{"@type":"SearchAction","target":{"@type":"EntryPoint","urlTemplate":"https:\/\/www.nougat-lalinoise.com\/?s={search_term_string}"},"query-input":{"@type":"PropertyValueSpecification","valueRequired":true,"valueName":"search_term_string"}}],"inLanguage":"en-US"},{"@type":"Organization","@id":"https:\/\/www.nougat-lalinoise.com\/#organization","name":"NOUGAT LA LINOISE","url":"https:\/\/www.nougat-lalinoise.com\/","logo":{"@type":"ImageObject","inLanguage":"en-US","@id":"https:\/\/www.nougat-lalinoise.com\/#\/schema\/logo\/image\/","url":"https:\/\/www.nougat-lalinoise.com\/wp-content\/uploads\/2018\/11\/lalinoise-logo-300.png","contentUrl":"https:\/\/www.nougat-lalinoise.com\/wp-content\/uploads\/2018\/11\/lalinoise-logo-300.png","width":300,"height":190,"caption":"NOUGAT LA LINOISE"},"image":{"@id":"https:\/\/www.nougat-lalinoise.com\/#\/schema\/logo\/image\/"},"sameAs":["https:\/\/www.facebook.com\/nougatlalinoise\/","https:\/\/www.instagram.com\/nougatlalinoise\/","https:\/\/www.pinterest.fr\/nougatlalinoise\/"]}]}},"jetpack_sharing_enabled":true,"_links":{"self":[{"href":"https:\/\/www.nougat-lalinoise.com\/en\/wp-json\/wp\/v2\/product\/21013","targetHints":{"allow":["GET"]}}],"collection":[{"href":"https:\/\/www.nougat-lalinoise.com\/en\/wp-json\/wp\/v2\/product"}],"about":[{"href":"https:\/\/www.nougat-lalinoise.com\/en\/wp-json\/wp\/v2\/types\/product"}],"wp:featuredmedia":[{"embeddable":true,"href":"https:\/\/www.nougat-lalinoise.com\/en\/wp-json\/wp\/v2\/media\/21014"}],"wp:attachment":[{"href":"https:\/\/www.nougat-lalinoise.com\/en\/wp-json\/wp\/v2\/media?parent=21013"}],"wp:term":[{"taxonomy":"product_brand","embeddable":true,"href":"https:\/\/www.nougat-lalinoise.com\/en\/wp-json\/wp\/v2\/product_brand?post=21013"},{"taxonomy":"product_cat","embeddable":true,"href":"https:\/\/www.nougat-lalinoise.com\/en\/wp-json\/wp\/v2\/product_cat?post=21013"},{"taxonomy":"product_tag","embeddable":true,"href":"https:\/\/www.nougat-lalinoise.com\/en\/wp-json\/wp\/v2\/product_tag?post=21013"}],"curies":[{"name":"wp","href":"https:\/\/api.w.org\/{rel}","templated":true}]}}