{"id":21008,"date":"2019-02-11T11:28:01","date_gmt":"2019-02-11T10:28:01","guid":{"rendered":"https:\/\/www.nougat-lalinoise.com\/product\/nougat-sachet-papillotes-amandes-miel-lalinoise\/"},"modified":"2019-03-21T18:24:51","modified_gmt":"2019-03-21T17:24:51","slug":"nougat-taffy-honey-pistachios-salted-butter-fudge","status":"publish","type":"product","link":"https:\/\/www.nougat-lalinoise.com\/en\/product\/nougat-taffy-honey-pistachios-salted-butter-fudge\/","title":{"rendered":"Nougat taffy with salted butter fudge from Gu\u00e9rande, honey, almonds and pistachios (200g)"},"content":{"rendered":"<ul>\n<li>Minimum order 15\u20ac<\/li>\n<li>From 50\u20ac of purchase the shipping costs are offered to you in metropolitan France<\/li>\n<li>Shipping costs from 6\u20ac for metropolitan France and 15\u20ac for other countries<\/li>\n<\/ul>\n","protected":false},"excerpt":{"rendered":"<p><strong>Ingredients:<\/strong><\/p>\n<p>Sugar, glucose syrup, almonds 25%, salted butter fudge (sugar, glucose syrup, cream, salted butter, milk powder, Gu\u00e9rande fleur de sel), honey, pistachio 2%, lactose, egg white, unleavened bread (potato starch, water, vegetable oil), ethylvanillin flavor.<\/p>\n<p><strong>Allergens:<\/strong><\/p>\n<p>Almonds, Salted butter fudge, pistachio, lactose, egg white.<\/p>\n<p><strong>Nutritional information per 100g:<\/strong><\/p>\n<p>Energy 1826 kj &#8211; 433 kcal<br \/>\nFat 11,97g of which saturates 1,1g<br \/>\nCarbohydrate 75,6g of which sugars 57,3g<br \/>\nProtein 5,81g<br \/>\nSalt 0,6g<\/p>\n<p><strong>Weight: 200g<\/strong><\/p>\n<p><strong>Storing:<\/strong><\/p>\n<p>Store in a cool dry place, at a temperature between 18 \u00b0C to 20 \u00b0C.<\/p>\n","protected":false},"featured_media":21009,"template":"","meta":[],"product_brand":[],"product_cat":[140,123],"product_tag":[],"class_list":{"0":"post-21008","1":"product","2":"type-product","3":"status-publish","4":"has-post-thumbnail","6":"product_cat-boutique-en-2","7":"product_cat-nougat-papillote-en-2","9":"first","10":"instock","11":"taxable","12":"shipping-taxable","13":"purchasable","14":"product-type-simple"},"yoast_head":"<!-- This site is optimized with the Yoast SEO plugin v27.0 - https:\/\/yoast.com\/product\/yoast-seo-wordpress\/ -->\n<title>Nougat - Papillotes miel caramel beurre sal\u00e9 sachet (200g)<\/title>\n<meta name=\"description\" content=\"Nougat - Papillotes miel, caramel beurre sal\u00e9 au sel de Gu\u00e9rande amandes, pistaches sachet (200g), produits fran\u00e7ais Nougat La Linoise\" \/>\n<meta name=\"robots\" content=\"index, follow, max-snippet:-1, max-image-preview:large, max-video-preview:-1\" \/>\n<link rel=\"canonical\" href=\"https:\/\/www.nougat-lalinoise.com\/en\/product\/nougat-taffy-honey-pistachios-salted-butter-fudge\/\" \/>\n<meta property=\"og:locale\" content=\"en_US\" \/>\n<meta property=\"og:type\" content=\"article\" \/>\n<meta property=\"og:title\" content=\"Nougat - Papillotes miel caramel beurre sal\u00e9 sachet (200g)\" \/>\n<meta property=\"og:description\" content=\"Nougat - Papillotes miel, caramel beurre sal\u00e9 au sel de Gu\u00e9rande amandes, pistaches sachet (200g), produits fran\u00e7ais Nougat La Linoise\" \/>\n<meta property=\"og:url\" content=\"https:\/\/www.nougat-lalinoise.com\/en\/product\/nougat-taffy-honey-pistachios-salted-butter-fudge\/\" \/>\n<meta property=\"og:site_name\" content=\"Nougat La Linoise\" \/>\n<meta property=\"article:publisher\" content=\"https:\/\/www.facebook.com\/nougatlalinoise\/\" \/>\n<meta property=\"article:modified_time\" content=\"2019-03-21T17:24:51+00:00\" \/>\n<meta property=\"og:image\" content=\"https:\/\/www.nougat-lalinoise.com\/wp-content\/uploads\/2018\/12\/nougat-papillote-miel-La-Linoise-301.jpg\" \/>\n\t<meta property=\"og:image:width\" content=\"600\" \/>\n\t<meta property=\"og:image:height\" content=\"900\" \/>\n\t<meta property=\"og:image:type\" content=\"image\/jpeg\" \/>\n<meta name=\"twitter:card\" content=\"summary_large_image\" \/>\n<script type=\"application\/ld+json\" class=\"yoast-schema-graph\">{\"@context\":\"https:\/\/schema.org\",\"@graph\":[{\"@type\":\"WebPage\",\"@id\":\"https:\/\/www.nougat-lalinoise.com\/en\/product\/nougat-taffy-honey-pistachios-salted-butter-fudge\/\",\"url\":\"https:\/\/www.nougat-lalinoise.com\/en\/product\/nougat-taffy-honey-pistachios-salted-butter-fudge\/\",\"name\":\"Nougat - Papillotes miel caramel beurre sal\u00e9 sachet (200g)\",\"isPartOf\":{\"@id\":\"https:\/\/www.nougat-lalinoise.com\/#website\"},\"primaryImageOfPage\":{\"@id\":\"https:\/\/www.nougat-lalinoise.com\/en\/product\/nougat-taffy-honey-pistachios-salted-butter-fudge\/#primaryimage\"},\"image\":{\"@id\":\"https:\/\/www.nougat-lalinoise.com\/en\/product\/nougat-taffy-honey-pistachios-salted-butter-fudge\/#primaryimage\"},\"thumbnailUrl\":\"https:\/\/www.nougat-lalinoise.com\/wp-content\/uploads\/2018\/12\/nougat-papillote-miel-La-Linoise-301.jpg\",\"datePublished\":\"2019-02-11T10:28:01+00:00\",\"dateModified\":\"2019-03-21T17:24:51+00:00\",\"description\":\"Nougat - Papillotes miel, caramel beurre sal\u00e9 au sel de Gu\u00e9rande amandes, pistaches sachet (200g), produits fran\u00e7ais Nougat La Linoise\",\"breadcrumb\":{\"@id\":\"https:\/\/www.nougat-lalinoise.com\/en\/product\/nougat-taffy-honey-pistachios-salted-butter-fudge\/#breadcrumb\"},\"inLanguage\":\"en-US\",\"potentialAction\":[{\"@type\":\"ReadAction\",\"target\":[\"https:\/\/www.nougat-lalinoise.com\/en\/product\/nougat-taffy-honey-pistachios-salted-butter-fudge\/\"]}]},{\"@type\":\"ImageObject\",\"inLanguage\":\"en-US\",\"@id\":\"https:\/\/www.nougat-lalinoise.com\/en\/product\/nougat-taffy-honey-pistachios-salted-butter-fudge\/#primaryimage\",\"url\":\"https:\/\/www.nougat-lalinoise.com\/wp-content\/uploads\/2018\/12\/nougat-papillote-miel-La-Linoise-301.jpg\",\"contentUrl\":\"https:\/\/www.nougat-lalinoise.com\/wp-content\/uploads\/2018\/12\/nougat-papillote-miel-La-Linoise-301.jpg\",\"width\":600,\"height\":900,\"caption\":\"nougat papillote miel\"},{\"@type\":\"BreadcrumbList\",\"@id\":\"https:\/\/www.nougat-lalinoise.com\/en\/product\/nougat-taffy-honey-pistachios-salted-butter-fudge\/#breadcrumb\",\"itemListElement\":[{\"@type\":\"ListItem\",\"position\":1,\"name\":\"Home\",\"item\":\"https:\/\/www.nougat-lalinoise.com\/en\/\"},{\"@type\":\"ListItem\",\"position\":2,\"name\":\"Products\",\"item\":\"https:\/\/www.nougat-lalinoise.com\/en\/shop\/\"},{\"@type\":\"ListItem\",\"position\":3,\"name\":\"Nougat taffy with salted butter fudge from Gu\u00e9rande, honey, almonds and pistachios (200g)\"}]},{\"@type\":\"WebSite\",\"@id\":\"https:\/\/www.nougat-lalinoise.com\/#website\",\"url\":\"https:\/\/www.nougat-lalinoise.com\/\",\"name\":\"Nougat La Linoise\",\"description\":\"Fabricant de nougat\",\"publisher\":{\"@id\":\"https:\/\/www.nougat-lalinoise.com\/#organization\"},\"potentialAction\":[{\"@type\":\"SearchAction\",\"target\":{\"@type\":\"EntryPoint\",\"urlTemplate\":\"https:\/\/www.nougat-lalinoise.com\/?s={search_term_string}\"},\"query-input\":{\"@type\":\"PropertyValueSpecification\",\"valueRequired\":true,\"valueName\":\"search_term_string\"}}],\"inLanguage\":\"en-US\"},{\"@type\":\"Organization\",\"@id\":\"https:\/\/www.nougat-lalinoise.com\/#organization\",\"name\":\"NOUGAT LA LINOISE\",\"url\":\"https:\/\/www.nougat-lalinoise.com\/\",\"logo\":{\"@type\":\"ImageObject\",\"inLanguage\":\"en-US\",\"@id\":\"https:\/\/www.nougat-lalinoise.com\/#\/schema\/logo\/image\/\",\"url\":\"https:\/\/www.nougat-lalinoise.com\/wp-content\/uploads\/2018\/11\/lalinoise-logo-300.png\",\"contentUrl\":\"https:\/\/www.nougat-lalinoise.com\/wp-content\/uploads\/2018\/11\/lalinoise-logo-300.png\",\"width\":300,\"height\":190,\"caption\":\"NOUGAT LA LINOISE\"},\"image\":{\"@id\":\"https:\/\/www.nougat-lalinoise.com\/#\/schema\/logo\/image\/\"},\"sameAs\":[\"https:\/\/www.facebook.com\/nougatlalinoise\/\",\"https:\/\/www.instagram.com\/nougatlalinoise\/\",\"https:\/\/www.pinterest.fr\/nougatlalinoise\/\"]}]}<\/script>\n<!-- \/ Yoast SEO plugin. -->","yoast_head_json":{"title":"Nougat - Papillotes miel caramel beurre sal\u00e9 sachet (200g)","description":"Nougat - Papillotes miel, caramel beurre sal\u00e9 au sel de Gu\u00e9rande amandes, pistaches sachet (200g), produits fran\u00e7ais Nougat La Linoise","robots":{"index":"index","follow":"follow","max-snippet":"max-snippet:-1","max-image-preview":"max-image-preview:large","max-video-preview":"max-video-preview:-1"},"canonical":"https:\/\/www.nougat-lalinoise.com\/en\/product\/nougat-taffy-honey-pistachios-salted-butter-fudge\/","og_locale":"en_US","og_type":"article","og_title":"Nougat - Papillotes miel caramel beurre sal\u00e9 sachet (200g)","og_description":"Nougat - Papillotes miel, caramel beurre sal\u00e9 au sel de Gu\u00e9rande amandes, pistaches sachet (200g), produits fran\u00e7ais Nougat La Linoise","og_url":"https:\/\/www.nougat-lalinoise.com\/en\/product\/nougat-taffy-honey-pistachios-salted-butter-fudge\/","og_site_name":"Nougat La Linoise","article_publisher":"https:\/\/www.facebook.com\/nougatlalinoise\/","article_modified_time":"2019-03-21T17:24:51+00:00","og_image":[{"width":600,"height":900,"url":"https:\/\/www.nougat-lalinoise.com\/wp-content\/uploads\/2018\/12\/nougat-papillote-miel-La-Linoise-301.jpg","type":"image\/jpeg"}],"twitter_card":"summary_large_image","schema":{"@context":"https:\/\/schema.org","@graph":[{"@type":"WebPage","@id":"https:\/\/www.nougat-lalinoise.com\/en\/product\/nougat-taffy-honey-pistachios-salted-butter-fudge\/","url":"https:\/\/www.nougat-lalinoise.com\/en\/product\/nougat-taffy-honey-pistachios-salted-butter-fudge\/","name":"Nougat - Papillotes miel caramel beurre sal\u00e9 sachet (200g)","isPartOf":{"@id":"https:\/\/www.nougat-lalinoise.com\/#website"},"primaryImageOfPage":{"@id":"https:\/\/www.nougat-lalinoise.com\/en\/product\/nougat-taffy-honey-pistachios-salted-butter-fudge\/#primaryimage"},"image":{"@id":"https:\/\/www.nougat-lalinoise.com\/en\/product\/nougat-taffy-honey-pistachios-salted-butter-fudge\/#primaryimage"},"thumbnailUrl":"https:\/\/www.nougat-lalinoise.com\/wp-content\/uploads\/2018\/12\/nougat-papillote-miel-La-Linoise-301.jpg","datePublished":"2019-02-11T10:28:01+00:00","dateModified":"2019-03-21T17:24:51+00:00","description":"Nougat - Papillotes miel, caramel beurre sal\u00e9 au sel de Gu\u00e9rande amandes, pistaches sachet (200g), produits fran\u00e7ais Nougat La Linoise","breadcrumb":{"@id":"https:\/\/www.nougat-lalinoise.com\/en\/product\/nougat-taffy-honey-pistachios-salted-butter-fudge\/#breadcrumb"},"inLanguage":"en-US","potentialAction":[{"@type":"ReadAction","target":["https:\/\/www.nougat-lalinoise.com\/en\/product\/nougat-taffy-honey-pistachios-salted-butter-fudge\/"]}]},{"@type":"ImageObject","inLanguage":"en-US","@id":"https:\/\/www.nougat-lalinoise.com\/en\/product\/nougat-taffy-honey-pistachios-salted-butter-fudge\/#primaryimage","url":"https:\/\/www.nougat-lalinoise.com\/wp-content\/uploads\/2018\/12\/nougat-papillote-miel-La-Linoise-301.jpg","contentUrl":"https:\/\/www.nougat-lalinoise.com\/wp-content\/uploads\/2018\/12\/nougat-papillote-miel-La-Linoise-301.jpg","width":600,"height":900,"caption":"nougat papillote miel"},{"@type":"BreadcrumbList","@id":"https:\/\/www.nougat-lalinoise.com\/en\/product\/nougat-taffy-honey-pistachios-salted-butter-fudge\/#breadcrumb","itemListElement":[{"@type":"ListItem","position":1,"name":"Home","item":"https:\/\/www.nougat-lalinoise.com\/en\/"},{"@type":"ListItem","position":2,"name":"Products","item":"https:\/\/www.nougat-lalinoise.com\/en\/shop\/"},{"@type":"ListItem","position":3,"name":"Nougat taffy with salted butter fudge from Gu\u00e9rande, honey, almonds and pistachios (200g)"}]},{"@type":"WebSite","@id":"https:\/\/www.nougat-lalinoise.com\/#website","url":"https:\/\/www.nougat-lalinoise.com\/","name":"Nougat La Linoise","description":"Fabricant de nougat","publisher":{"@id":"https:\/\/www.nougat-lalinoise.com\/#organization"},"potentialAction":[{"@type":"SearchAction","target":{"@type":"EntryPoint","urlTemplate":"https:\/\/www.nougat-lalinoise.com\/?s={search_term_string}"},"query-input":{"@type":"PropertyValueSpecification","valueRequired":true,"valueName":"search_term_string"}}],"inLanguage":"en-US"},{"@type":"Organization","@id":"https:\/\/www.nougat-lalinoise.com\/#organization","name":"NOUGAT LA LINOISE","url":"https:\/\/www.nougat-lalinoise.com\/","logo":{"@type":"ImageObject","inLanguage":"en-US","@id":"https:\/\/www.nougat-lalinoise.com\/#\/schema\/logo\/image\/","url":"https:\/\/www.nougat-lalinoise.com\/wp-content\/uploads\/2018\/11\/lalinoise-logo-300.png","contentUrl":"https:\/\/www.nougat-lalinoise.com\/wp-content\/uploads\/2018\/11\/lalinoise-logo-300.png","width":300,"height":190,"caption":"NOUGAT LA LINOISE"},"image":{"@id":"https:\/\/www.nougat-lalinoise.com\/#\/schema\/logo\/image\/"},"sameAs":["https:\/\/www.facebook.com\/nougatlalinoise\/","https:\/\/www.instagram.com\/nougatlalinoise\/","https:\/\/www.pinterest.fr\/nougatlalinoise\/"]}]}},"jetpack_sharing_enabled":true,"_links":{"self":[{"href":"https:\/\/www.nougat-lalinoise.com\/en\/wp-json\/wp\/v2\/product\/21008","targetHints":{"allow":["GET"]}}],"collection":[{"href":"https:\/\/www.nougat-lalinoise.com\/en\/wp-json\/wp\/v2\/product"}],"about":[{"href":"https:\/\/www.nougat-lalinoise.com\/en\/wp-json\/wp\/v2\/types\/product"}],"wp:featuredmedia":[{"embeddable":true,"href":"https:\/\/www.nougat-lalinoise.com\/en\/wp-json\/wp\/v2\/media\/21009"}],"wp:attachment":[{"href":"https:\/\/www.nougat-lalinoise.com\/en\/wp-json\/wp\/v2\/media?parent=21008"}],"wp:term":[{"taxonomy":"product_brand","embeddable":true,"href":"https:\/\/www.nougat-lalinoise.com\/en\/wp-json\/wp\/v2\/product_brand?post=21008"},{"taxonomy":"product_cat","embeddable":true,"href":"https:\/\/www.nougat-lalinoise.com\/en\/wp-json\/wp\/v2\/product_cat?post=21008"},{"taxonomy":"product_tag","embeddable":true,"href":"https:\/\/www.nougat-lalinoise.com\/en\/wp-json\/wp\/v2\/product_tag?post=21008"}],"curies":[{"name":"wp","href":"https:\/\/api.w.org\/{rel}","templated":true}]}}